{"id":1855,"date":"2023-02-21T14:40:11","date_gmt":"2023-02-21T11:40:11","guid":{"rendered":"https:\/\/www.algebra-translation.com\/?page_id=1855"},"modified":"2023-02-21T15:19:11","modified_gmt":"2023-02-21T12:19:11","slug":"sertifikalar","status":"publish","type":"page","link":"https:\/\/www.algebra-translation.com\/index.php\/sertifikalar\/","title":{"rendered":"Sertifikalar"},"content":{"rendered":"<p>[vc_row scheme=&#8221;dark&#8221; hide_bg_image_on_tablet=&#8221;&#8221; hide_bg_image_on_mobile=&#8221;&#8221; css=&#8221;.vc_custom_1676981984873{background-size: cover !important;}&#8221;][vc_column][vc_empty_space height=&#8221;3.1em&#8221; alter_height=&#8221;none&#8221; hide_on_desktop=&#8221;&#8221; hide_on_notebook=&#8221;&#8221; hide_on_tablet=&#8221;&#8221; hide_on_mobile=&#8221;&#8221;][vc_empty_space height=&#8221;24em&#8221; alter_height=&#8221;none&#8221; hide_on_desktop=&#8221;&#8221; hide_on_notebook=&#8221;&#8221; hide_on_tablet=&#8221;&#8221; hide_on_mobile=&#8221;&#8221;][\/vc_column][\/vc_row][vc_row full_width=&#8221;stretch_row&#8221; css=&#8221;.vc_custom_1502699781255{background-color: #f3f5f9 !important;}&#8221;][vc_column]<div class=\"sc_content_wrap sc_push_large\"><div id=\"sc_content_38848121\"\r\n\t\tclass=\"sc_content color_style_default sc_content_default sc_content_width_1_1 sc_float_center\"><div class=\"sc_content_container\"><div id=\"sc_services_446706218\" class=\"sc_services color_style_default sc_services_default sc_services_featured_top\"><div class=\"sc_services_columns_wrap sc_item_columns sc_item_columns_2 trx_addons_columns_wrap columns_padding_bottom\"><div class=\"trx_addons_column-1_2\"><div class=\"sc_services_item with_content with_icon sc_services_item_featured_top\">\r\n\r\n\r\n    <div class=\"sc_services_item_header\">\r\n        <h4 class=\"sc_services_item_title\">ISO 9001<\/h4>\r\n    <\/div>\r\n\t<span class=\"sc_services_item_number\">01<\/span>\t\r\n\t<div class=\"sc_services_item_info\">\r\n\t\t\t\t\t<div class=\"sc_services_item_content\"><p><img decoding=\"async\" src=\"https:\/\/www.algebra-translation.com\/wp-content\/uploads\/2023\/02\/iso9001.jpg\" \/><\/p>\n<ul>\n<b>Algebra&#8217;da<\/b> her i\u015fin her alan\u0131nda uygulanan ana kriter, uluslararas\u0131 d\u00fczeyde tan\u0131nan ISO 9001 standart\u0131d\u0131r.\n<\/ul>\n<\/div>\r\n\t\t\t<div class=\"sc_services_item_button sc_item_button\"><a href=\"https:\/\/www.algebra-translation.com\/index.php\/services\/iso-9001\/\" class=\"button_icon\"><\/a><\/div>\r\n\t\t\t<\/div>\r\n<\/div>\r\n<\/div><div class=\"trx_addons_column-1_2\"><div class=\"sc_services_item with_content with_icon sc_services_item_featured_top\">\r\n\r\n\r\n    <div class=\"sc_services_item_header\">\r\n        <h4 class=\"sc_services_item_title\">ISO 17100<\/h4>\r\n    <\/div>\r\n\t<span class=\"sc_services_item_number\">02<\/span>\t\r\n\t<div class=\"sc_services_item_info\">\r\n\t\t\t\t\t<div class=\"sc_services_item_content\"><p><img decoding=\"async\" src=\"https:\/\/www.algebra-translation.com\/wp-content\/uploads\/2023\/02\/iso17100.jpg\" \/><\/p>\n<ul>\n\u00c7eviri hizmetlerinin kalitesine ili\u015fkin bir AB standart\u0131 olan EN 15308, <b>Algebra<\/b>&#8216;ya ana dilde \u00e7evirmenlerle y\u00fcksek kalite \u00e7eviri hizmeti sa\u011flama imkan\u0131 vermektedir.\n<\/ul>\n<\/div>\r\n\t\t\t<div class=\"sc_services_item_button sc_item_button\"><a href=\"https:\/\/www.algebra-translation.com\/index.php\/services\/iso-17100\/\" class=\"button_icon\"><\/a><\/div>\r\n\t\t\t<\/div>\r\n<\/div>\r\n<\/div><\/div><\/div><!-- \/.sc_services --><\/div><\/div><!-- \/.sc_content --><\/div><!-- \/.sc_content_wrap -->[vc_empty_space height=&#8221;1.5em&#8221; alter_height=&#8221;none&#8221; hide_on_desktop=&#8221;&#8221; hide_on_notebook=&#8221;&#8221; hide_on_tablet=&#8221;&#8221; hide_on_mobile=&#8221;1&#8243;][\/vc_column][\/vc_row]<\/p>\n","protected":false},"excerpt":{"rendered":"<p>[vc_row scheme=&#8221;dark&#8221; hide_bg_image_on_tablet=&#8221;&#8221; hide_bg_image_on_mobile=&#8221;&#8221; css=&#8221;.vc_custom_1676981984873{background-size: cover !important;}&#8221;][vc_column][vc_empty_space height=&#8221;3.1em&#8221; alter_height=&#8221;none&#8221; hide_on_desktop=&#8221;&#8221; hide_on_notebook=&#8221;&#8221; hide_on_tablet=&#8221;&#8221; hide_on_mobile=&#8221;&#8221;][vc_empty_space height=&#8221;24em&#8221; alter_height=&#8221;none&#8221; hide_on_desktop=&#8221;&#8221; hide_on_notebook=&#8221;&#8221; hide_on_tablet=&#8221;&#8221; hide_on_mobile=&#8221;&#8221;][\/vc_column][\/vc_row][vc_row full_width=&#8221;stretch_row&#8221; css=&#8221;.vc_custom_1502699781255{background-color: #f3f5f9 !important;}&#8221;][vc_column][vc_empty_space height=&#8221;1.5em&#8221; alter_height=&#8221;none&#8221; hide_on_desktop=&#8221;&#8221; hide_on_notebook=&#8221;&#8221; hide_on_tablet=&#8221;&#8221; hide_on_mobile=&#8221;1&#8243;][\/vc_column][\/vc_row]<\/p>\n","protected":false},"author":5,"featured_media":0,"parent":0,"menu_order":0,"comment_status":"closed","ping_status":"closed","template":"","meta":{"_mi_skip_tracking":false},"_links":{"self":[{"href":"https:\/\/www.algebra-translation.com\/index.php\/wp-json\/wp\/v2\/pages\/1855"}],"collection":[{"href":"https:\/\/www.algebra-translation.com\/index.php\/wp-json\/wp\/v2\/pages"}],"about":[{"href":"https:\/\/www.algebra-translation.com\/index.php\/wp-json\/wp\/v2\/types\/page"}],"author":[{"embeddable":true,"href":"https:\/\/www.algebra-translation.com\/index.php\/wp-json\/wp\/v2\/users\/5"}],"replies":[{"embeddable":true,"href":"https:\/\/www.algebra-translation.com\/index.php\/wp-json\/wp\/v2\/comments?post=1855"}],"version-history":[{"count":14,"href":"https:\/\/www.algebra-translation.com\/index.php\/wp-json\/wp\/v2\/pages\/1855\/revisions"}],"predecessor-version":[{"id":1877,"href":"https:\/\/www.algebra-translation.com\/index.php\/wp-json\/wp\/v2\/pages\/1855\/revisions\/1877"}],"wp:attachment":[{"href":"https:\/\/www.algebra-translation.com\/index.php\/wp-json\/wp\/v2\/media?parent=1855"}],"curies":[{"name":"wp","href":"https:\/\/api.w.org\/{rel}","templated":true}]}}