{"id":1790,"date":"2020-03-16T01:11:38","date_gmt":"2020-03-15T22:11:38","guid":{"rendered":"https:\/\/www.algebra-translation.com\/?page_id=1790"},"modified":"2020-03-16T02:27:40","modified_gmt":"2020-03-15T23:27:40","slug":"fiyatlandirma","status":"publish","type":"page","link":"https:\/\/www.algebra-translation.com\/index.php\/fiyatlandirma\/","title":{"rendered":"Fiyatland\u0131rma"},"content":{"rendered":"<p>[vc_row css_animation=&#8221;none&#8221; hide_bg_image_on_tablet=&#8221;&#8221; hide_bg_image_on_mobile=&#8221;1&#8243; css=&#8221;.vc_custom_1584310602644{margin-top: 50px !important;margin-right: 0px !important;margin-left: 0px !important;background-image: url(https:\/\/www.algebra-translation.com\/wp-content\/uploads\/2020\/03\/ortaarka2.png?id=1699) !important;background-position: center !important;background-repeat: no-repeat !important;background-size: contain !important;}&#8221;][vc_column hide_bg_image_on_tablet=&#8221;&#8221; hide_bg_image_on_mobile=&#8221;&#8221; css=&#8221;.vc_custom_1508843633579{padding-right: 0px !important;padding-left: 0px !important;}&#8221;][vc_empty_space height=&#8221;5.5em&#8221; alter_height=&#8221;none&#8221; hide_on_desktop=&#8221;&#8221; hide_on_notebook=&#8221;&#8221; hide_on_tablet=&#8221;&#8221; hide_on_mobile=&#8221;1&#8243;][vc_empty_space height=&#8221;3.5em&#8221; alter_height=&#8221;none&#8221; hide_on_desktop=&#8221;1&#8243; hide_on_notebook=&#8221;1&#8243; hide_on_tablet=&#8221;1&#8243; hide_on_mobile=&#8221;&#8221;][vc_row_inner hide_bg_image_on_tablet=&#8221;&#8221; hide_bg_image_on_mobile=&#8221;&#8221; css=&#8221;.vc_custom_1583778038475{margin-right: 0px !important;margin-left: 0px !important;}&#8221;][vc_column_inner width=&#8221;1\/4&#8243; hide_bg_image_on_tablet=&#8221;&#8221; hide_bg_image_on_mobile=&#8221;&#8221; css=&#8221;.vc_custom_1508843651837{padding-right: 0px !important;padding-left: 0px !important;}&#8221;][\/vc_column_inner][vc_column_inner width=&#8221;1\/2&#8243; hide_bg_image_on_tablet=&#8221;&#8221; hide_bg_image_on_mobile=&#8221;&#8221; css=&#8221;.vc_custom_1584311644292{padding-right: 0px !important;padding-left: 0px !important;background-color: #f3f5f9 !important;}&#8221;][vc_empty_space height=&#8221;4.5em&#8221; alter_height=&#8221;none&#8221; hide_on_desktop=&#8221;&#8221; hide_on_notebook=&#8221;&#8221; hide_on_tablet=&#8221;1&#8243; hide_on_mobile=&#8221;1&#8243;]<div id=\"sc_content_734869886\"\r\n\t\tclass=\"sc_content color_style_default sc_content_default sc_float_center\"><div class=\"sc_content_container\"><div id=\"sc_services_1813001759\" class=\"sc_services color_style_default sc_services_default sc_services_featured_top\"><div class=\"sc_services_content sc_item_content sc_item_columns_1\"><div class=\"sc_services_item with_content with_icon sc_services_item_featured_top\">\r\n\r\n\r\n    <div class=\"sc_services_item_header\">\r\n        <h4 class=\"sc_services_item_title\">Fiyatland\u0131rma<\/h4>\r\n    <\/div>\r\n\t<div\r\n\t\t\t id=\"sc_services_1813001759_icon-tag-light_1\"\r\n\t\t\t class=\"sc_services_item_icon icon-tag-light\"><\/div>\t\r\n\t<div class=\"sc_services_item_info\">\r\n\t\t\t\t\t<div class=\"sc_services_item_content\">\n<ul>\n<i>Algebra<\/i>, fiyatland\u0131rmada rekabet\u00e7idir,<\/br><br \/>\nAnla\u015fmaya ba\u011fl\u0131 olarak proje bazl\u0131 veya y\u0131ll\u0131k anla\u015fmalar yap\u0131lmaktad\u0131r,<\/br><br \/>\nFiyatland\u0131rma politikas\u0131, teknolojik olanaklar\u0131n kullan\u0131m\u0131 ve piyasan\u0131n averaj\u0131 referans al\u0131narak planlan\u0131r,<\/br><br \/>\n<i>Algebra<\/i> fiyat politikas\u0131, di\u011fer kar\u015f\u0131la\u015ft\u0131rma fiyat g\u00f6stergelerine a\u00e7\u0131kt\u0131r.\n <\/ul>\n<\/div>\r\n\t\t\t<div class=\"sc_services_item_button sc_item_button\"><a href=\"https:\/\/www.algebra-translation.com\/index.php\/services\/fiyatlandirma\/\" class=\"button_icon\"><\/a><\/div>\r\n\t\t\t<\/div>\r\n<\/div>\r\n<\/div><\/div><!-- \/.sc_services -->[vc_empty_space height=&#8221;4.5em&#8221; alter_height=&#8221;none&#8221; hide_on_desktop=&#8221;&#8221; hide_on_notebook=&#8221;&#8221; hide_on_tablet=&#8221;&#8221; hide_on_mobile=&#8221;&#8221;]<a href=\"\/classic-1\/\" id=\"sc_button_234603767\" class=\"sc_button hide_on_mobile hide_on_tablet hide_on_notebook hide_on_desktop color_style_default sc_button_default sc_button_size_normal sc_button_icon_left\"><span class=\"sc_button_text\"><span class=\"sc_button_title\">Learn More<\/span><\/span><!-- \/.sc_button_text --><\/a><!-- \/.sc_button --><\/div><\/div><!-- \/.sc_content -->[\/vc_column_inner][vc_column_inner width=&#8221;1\/4&#8243;][\/vc_column_inner][\/vc_row_inner][vc_empty_space height=&#8221;5em&#8221; alter_height=&#8221;none&#8221; hide_on_desktop=&#8221;&#8221; hide_on_notebook=&#8221;&#8221; hide_on_tablet=&#8221;&#8221; hide_on_mobile=&#8221;1&#8243;][\/vc_column][\/vc_row]<\/p>\n","protected":false},"excerpt":{"rendered":"<p>[vc_row css_animation=&#8221;none&#8221; hide_bg_image_on_tablet=&#8221;&#8221; hide_bg_image_on_mobile=&#8221;1&#8243; css=&#8221;.vc_custom_1584310602644{margin-top: 50px !important;margin-right: 0px !important;margin-left: 0px !important;background-image: url(https:\/\/www.algebra-translation.com\/wp-content\/uploads\/2020\/03\/ortaarka2.png?id=1699) !important;background-position: center !important;background-repeat: no-repeat !important;background-size: contain !important;}&#8221;][vc_column hide_bg_image_on_tablet=&#8221;&#8221; hide_bg_image_on_mobile=&#8221;&#8221; css=&#8221;.vc_custom_1508843633579{padding-right: 0px !important;padding-left: 0px !important;}&#8221;][vc_empty_space height=&#8221;5.5em&#8221; alter_height=&#8221;none&#8221; hide_on_desktop=&#8221;&#8221; hide_on_notebook=&#8221;&#8221; hide_on_tablet=&#8221;&#8221; hide_on_mobile=&#8221;1&#8243;][vc_empty_space height=&#8221;3.5em&#8221; alter_height=&#8221;none&#8221; hide_on_desktop=&#8221;1&#8243; hide_on_notebook=&#8221;1&#8243; hide_on_tablet=&#8221;1&#8243; hide_on_mobile=&#8221;&#8221;][vc_row_inner hide_bg_image_on_tablet=&#8221;&#8221; hide_bg_image_on_mobile=&#8221;&#8221; css=&#8221;.vc_custom_1583778038475{margin-right: 0px !important;margin-left: 0px !important;}&#8221;][vc_column_inner width=&#8221;1\/4&#8243; hide_bg_image_on_tablet=&#8221;&#8221; hide_bg_image_on_mobile=&#8221;&#8221; css=&#8221;.vc_custom_1508843651837{padding-right: 0px !important;padding-left: 0px !important;}&#8221;][\/vc_column_inner][vc_column_inner width=&#8221;1\/2&#8243; hide_bg_image_on_tablet=&#8221;&#8221; hide_bg_image_on_mobile=&#8221;&#8221; css=&#8221;.vc_custom_1584311644292{padding-right: 0px !important;padding-left: 0px&hellip;<\/p>\n","protected":false},"author":1,"featured_media":0,"parent":0,"menu_order":0,"comment_status":"closed","ping_status":"closed","template":"","meta":{"_mi_skip_tracking":false},"_links":{"self":[{"href":"https:\/\/www.algebra-translation.com\/index.php\/wp-json\/wp\/v2\/pages\/1790"}],"collection":[{"href":"https:\/\/www.algebra-translation.com\/index.php\/wp-json\/wp\/v2\/pages"}],"about":[{"href":"https:\/\/www.algebra-translation.com\/index.php\/wp-json\/wp\/v2\/types\/page"}],"author":[{"embeddable":true,"href":"https:\/\/www.algebra-translation.com\/index.php\/wp-json\/wp\/v2\/users\/1"}],"replies":[{"embeddable":true,"href":"https:\/\/www.algebra-translation.com\/index.php\/wp-json\/wp\/v2\/comments?post=1790"}],"version-history":[{"count":13,"href":"https:\/\/www.algebra-translation.com\/index.php\/wp-json\/wp\/v2\/pages\/1790\/revisions"}],"predecessor-version":[{"id":1820,"href":"https:\/\/www.algebra-translation.com\/index.php\/wp-json\/wp\/v2\/pages\/1790\/revisions\/1820"}],"wp:attachment":[{"href":"https:\/\/www.algebra-translation.com\/index.php\/wp-json\/wp\/v2\/media?parent=1790"}],"curies":[{"name":"wp","href":"https:\/\/api.w.org\/{rel}","templated":true}]}}