{"id":1733,"date":"2020-03-11T20:10:52","date_gmt":"2020-03-11T17:10:52","guid":{"rendered":"http:\/\/www.algebra-translation.com\/?page_id=1733"},"modified":"2020-03-16T01:33:33","modified_gmt":"2020-03-15T22:33:33","slug":"hakkimizda","status":"publish","type":"page","link":"https:\/\/www.algebra-translation.com\/index.php\/hakkimizda\/","title":{"rendered":"Hakk\u0131m\u0131zda"},"content":{"rendered":"<p>[vc_row css_animation=&#8221;none&#8221; hide_bg_image_on_tablet=&#8221;&#8221; hide_bg_image_on_mobile=&#8221;1&#8243; css=&#8221;.vc_custom_1584310592991{margin-right: 0px !important;margin-left: 0px !important;background-image: url(https:\/\/www.algebra-translation.com\/wp-content\/uploads\/2020\/03\/ortaarka2.png?id=1699) !important;background-position: center !important;background-repeat: no-repeat !important;background-size: contain !important;}&#8221;][vc_column hide_bg_image_on_tablet=&#8221;&#8221; hide_bg_image_on_mobile=&#8221;&#8221; css=&#8221;.vc_custom_1508843633579{padding-right: 0px !important;padding-left: 0px !important;}&#8221;][vc_empty_space height=&#8221;7em&#8221; alter_height=&#8221;none&#8221; hide_on_desktop=&#8221;&#8221; hide_on_notebook=&#8221;&#8221; hide_on_tablet=&#8221;&#8221; hide_on_mobile=&#8221;1&#8243;][vc_empty_space height=&#8221;3.5em&#8221; alter_height=&#8221;none&#8221; hide_on_desktop=&#8221;1&#8243; hide_on_notebook=&#8221;1&#8243; hide_on_tablet=&#8221;1&#8243; hide_on_mobile=&#8221;&#8221;][vc_row_inner hide_bg_image_on_tablet=&#8221;&#8221; hide_bg_image_on_mobile=&#8221;&#8221; css=&#8221;.vc_custom_1583778038475{margin-right: 0px !important;margin-left: 0px !important;}&#8221;][vc_column_inner width=&#8221;1\/4&#8243; hide_bg_image_on_tablet=&#8221;&#8221; hide_bg_image_on_mobile=&#8221;&#8221; css=&#8221;.vc_custom_1508843651837{padding-right: 0px !important;padding-left: 0px !important;}&#8221;][\/vc_column_inner][vc_column_inner width=&#8221;1\/2&#8243; hide_bg_image_on_tablet=&#8221;&#8221; hide_bg_image_on_mobile=&#8221;&#8221; css=&#8221;.vc_custom_1584311574346{padding-right: 0px !important;padding-left: 0px !important;background-color: #f3f5f9 !important;}&#8221;][vc_empty_space height=&#8221;3em&#8221; alter_height=&#8221;none&#8221; hide_on_desktop=&#8221;&#8221; hide_on_notebook=&#8221;&#8221; hide_on_tablet=&#8221;1&#8243; hide_on_mobile=&#8221;1&#8243;]<div id=\"sc_content_1230971096\"\r\n\t\tclass=\"sc_content color_style_default sc_content_default sc_float_center\"><div class=\"sc_content_container\"><div id=\"sc_services_2097115281\" class=\"sc_services color_style_default sc_services_default sc_services_featured_top\"><div class=\"sc_services_content sc_item_content sc_item_columns_1\"><div class=\"sc_services_item with_content with_icon sc_services_item_featured_top\">\r\n\r\n\r\n    <div class=\"sc_services_item_header\">\r\n        <h4 class=\"sc_services_item_title\">Hakk\u0131m\u0131zda<\/h4>\r\n    <\/div>\r\n\t<div\r\n\t\t\t id=\"sc_services_2097115281_icon-home-alt_1\"\r\n\t\t\t class=\"sc_services_item_icon icon-home-alt\"><\/div>\t\r\n\t<div class=\"sc_services_item_info\">\r\n\t\t\t\t\t<div class=\"sc_services_item_content\">\n<ul>\n<i>Algebra \u00c7eviri<\/i>, 2020\u2019de \u0130stanbul \u015ei\u015fli&#8217;de bulunan ofisiyle terc\u00fcme d\u00fcnyas\u0131na ad\u0131m att\u0131.<\/br><br \/>\nMeslek uzmanlar\u0131ndan olu\u015fan kadrosuyla hen\u00fcz yola \u00e7\u0131kan Algebra, b\u00fct\u00fcn dil \u00e7iftlerinde ana dilde \u00e7evirmenlerle \u00e7eviriyi ger\u00e7ekle\u015ftirme yetene\u011fine sahiptir.<\/br><br \/>\nMasa\u00fcst\u00fc Yay\u0131nc\u0131l\u0131k (DTP) organizasyonunu kendi i\u00e7 birimiyle sa\u011flayan <i>Algebra<\/i>, bu hizmetini, terc\u00fcmeyi tamamlayan temel unsur olarak organizasyonuna dahil etmi\u015ftir.<\/br><br \/>\n<i>Algebra<\/i>, kurumsal firmalara \u00e7ok dilli \u00e7eviri, Masa\u00fcst\u00fc Yay\u0131nc\u0131l\u0131k (DTP), de\u015fifre ve yeminli \u00e7eviri vermek \u00fczere bir araya gelen meslek profesyonellerinin olu\u015fturdu\u011fu bir \u015firket yap\u0131s\u0131na sahiptir.\n <\/ul>\n<\/div>\r\n\t\t\t<div class=\"sc_services_item_button sc_item_button\"><a href=\"https:\/\/www.algebra-translation.com\/index.php\/services\/hakkimizda\/\" class=\"button_icon\"><\/a><\/div>\r\n\t\t\t<\/div>\r\n<\/div>\r\n<\/div><\/div><!-- \/.sc_services -->[vc_empty_space height=&#8221;2.8em&#8221; alter_height=&#8221;none&#8221; hide_on_desktop=&#8221;&#8221; hide_on_notebook=&#8221;&#8221; hide_on_tablet=&#8221;&#8221; hide_on_mobile=&#8221;&#8221;]<a href=\"\/classic-1\/\" id=\"sc_button_2035236747\" class=\"sc_button hide_on_mobile hide_on_tablet hide_on_notebook hide_on_desktop color_style_default sc_button_default sc_button_size_normal sc_button_icon_left\"><span class=\"sc_button_text\"><span class=\"sc_button_title\">Learn More<\/span><\/span><!-- \/.sc_button_text --><\/a><!-- \/.sc_button --><\/div><\/div><!-- \/.sc_content -->[\/vc_column_inner][vc_column_inner width=&#8221;1\/4&#8243;][\/vc_column_inner][\/vc_row_inner][vc_empty_space height=&#8221;1em&#8221; alter_height=&#8221;none&#8221; hide_on_desktop=&#8221;&#8221; hide_on_notebook=&#8221;&#8221; hide_on_tablet=&#8221;&#8221; hide_on_mobile=&#8221;1&#8243;][\/vc_column][\/vc_row]<\/p>\n","protected":false},"excerpt":{"rendered":"<p>[vc_row css_animation=&#8221;none&#8221; hide_bg_image_on_tablet=&#8221;&#8221; hide_bg_image_on_mobile=&#8221;1&#8243; css=&#8221;.vc_custom_1584310592991{margin-right: 0px !important;margin-left: 0px !important;background-image: url(https:\/\/www.algebra-translation.com\/wp-content\/uploads\/2020\/03\/ortaarka2.png?id=1699) !important;background-position: center !important;background-repeat: no-repeat !important;background-size: contain !important;}&#8221;][vc_column hide_bg_image_on_tablet=&#8221;&#8221; hide_bg_image_on_mobile=&#8221;&#8221; css=&#8221;.vc_custom_1508843633579{padding-right: 0px !important;padding-left: 0px !important;}&#8221;][vc_empty_space height=&#8221;7em&#8221; alter_height=&#8221;none&#8221; hide_on_desktop=&#8221;&#8221; hide_on_notebook=&#8221;&#8221; hide_on_tablet=&#8221;&#8221; hide_on_mobile=&#8221;1&#8243;][vc_empty_space height=&#8221;3.5em&#8221; alter_height=&#8221;none&#8221; hide_on_desktop=&#8221;1&#8243; hide_on_notebook=&#8221;1&#8243; hide_on_tablet=&#8221;1&#8243; hide_on_mobile=&#8221;&#8221;][vc_row_inner hide_bg_image_on_tablet=&#8221;&#8221; hide_bg_image_on_mobile=&#8221;&#8221; css=&#8221;.vc_custom_1583778038475{margin-right: 0px !important;margin-left: 0px !important;}&#8221;][vc_column_inner width=&#8221;1\/4&#8243; hide_bg_image_on_tablet=&#8221;&#8221; hide_bg_image_on_mobile=&#8221;&#8221; css=&#8221;.vc_custom_1508843651837{padding-right: 0px !important;padding-left: 0px !important;}&#8221;][\/vc_column_inner][vc_column_inner width=&#8221;1\/2&#8243; hide_bg_image_on_tablet=&#8221;&#8221; hide_bg_image_on_mobile=&#8221;&#8221; css=&#8221;.vc_custom_1584311574346{padding-right: 0px !important;padding-left: 0px !important;background-color: #f3f5f9&hellip;<\/p>\n","protected":false},"author":1,"featured_media":0,"parent":0,"menu_order":0,"comment_status":"closed","ping_status":"closed","template":"","meta":{"_mi_skip_tracking":false},"_links":{"self":[{"href":"https:\/\/www.algebra-translation.com\/index.php\/wp-json\/wp\/v2\/pages\/1733"}],"collection":[{"href":"https:\/\/www.algebra-translation.com\/index.php\/wp-json\/wp\/v2\/pages"}],"about":[{"href":"https:\/\/www.algebra-translation.com\/index.php\/wp-json\/wp\/v2\/types\/page"}],"author":[{"embeddable":true,"href":"https:\/\/www.algebra-translation.com\/index.php\/wp-json\/wp\/v2\/users\/1"}],"replies":[{"embeddable":true,"href":"https:\/\/www.algebra-translation.com\/index.php\/wp-json\/wp\/v2\/comments?post=1733"}],"version-history":[{"count":22,"href":"https:\/\/www.algebra-translation.com\/index.php\/wp-json\/wp\/v2\/pages\/1733\/revisions"}],"predecessor-version":[{"id":1806,"href":"https:\/\/www.algebra-translation.com\/index.php\/wp-json\/wp\/v2\/pages\/1733\/revisions\/1806"}],"wp:attachment":[{"href":"https:\/\/www.algebra-translation.com\/index.php\/wp-json\/wp\/v2\/media?parent=1733"}],"curies":[{"name":"wp","href":"https:\/\/api.w.org\/{rel}","templated":true}]}}