{"id":1715,"date":"2020-03-11T15:05:36","date_gmt":"2020-03-11T12:05:36","guid":{"rendered":"http:\/\/www.algebra-translation.com\/?page_id=1715"},"modified":"2020-03-11T23:56:55","modified_gmt":"2020-03-11T20:56:55","slug":"hizmetlerimiz","status":"publish","type":"page","link":"https:\/\/www.algebra-translation.com\/index.php\/hizmetlerimiz\/","title":{"rendered":"Hizmetlerimiz"},"content":{"rendered":"<p>[vc_row full_width=&#8221;stretch_row&#8221; scheme=&#8221;dark&#8221; hide_bg_image_on_tablet=&#8221;&#8221; hide_bg_image_on_mobile=&#8221;&#8221; css=&#8221;.vc_custom_1583861225235{background: #004232 url(https:\/\/www.algebra-translation.com\/wp-content\/uploads\/2020\/03\/ustbg-algebra-3.png?id=1654) !important;background-position: top right !important;background-repeat: no-repeat !important;background-size: cover !important;}&#8221;][vc_column][vc_empty_space height=&#8221;4em&#8221; alter_height=&#8221;none&#8221; hide_on_desktop=&#8221;&#8221; hide_on_notebook=&#8221;&#8221; hide_on_tablet=&#8221;&#8221; hide_on_mobile=&#8221;&#8221;][vc_empty_space height=&#8221;1.5em&#8221; alter_height=&#8221;none&#8221; hide_on_desktop=&#8221;&#8221; hide_on_notebook=&#8221;&#8221; hide_on_tablet=&#8221;1&#8243; hide_on_mobile=&#8221;1&#8243;]<div id=\"sc_title_1229035580\"\r\n\t\tclass=\"sc_title color_style_default sc_title_default\"><h6 class=\"sc_item_subtitle sc_title_subtitle sc_align_center sc_item_title_style_default\">Hizmetlerimiz<\/h6><h1 class=\"sc_item_title sc_title_title sc_align_center sc_item_title_style_default sc_item_title_tag\">Algebra Translation<br \/>\nOperasyoneldir, Form\u00fclize Eder<\/h1><\/div><!-- \/.sc_title -->[vc_empty_space height=&#8221;3.1em&#8221; alter_height=&#8221;none&#8221; hide_on_desktop=&#8221;&#8221; hide_on_notebook=&#8221;&#8221; hide_on_tablet=&#8221;&#8221; hide_on_mobile=&#8221;&#8221;][vc_row_inner disable_element=&#8221;yes&#8221;][vc_column_inner][vc_column_text]<span style=\"color: #ffffff;\"><span style=\"color: #00bcb0;\">Algebra<\/span> is a translation company that has been providing high quality, professional translation services. Our customers will feel that <span style=\"color: #00bcb0;\">Algebra<\/span> is the best translation company for their requirements.<\/span>[\/vc_column_text][vc_empty_space height=&#8221;2em&#8221; alter_height=&#8221;none&#8221; hide_on_desktop=&#8221;1&#8243; hide_on_notebook=&#8221;1&#8243; hide_on_tablet=&#8221;1&#8243; hide_on_mobile=&#8221;&#8221;][vc_column_text][\/vc_column_text][\/vc_column_inner][\/vc_row_inner][vc_empty_space height=&#8221;24em&#8221; alter_height=&#8221;none&#8221; hide_on_desktop=&#8221;&#8221; hide_on_notebook=&#8221;&#8221; hide_on_tablet=&#8221;&#8221; hide_on_mobile=&#8221;&#8221;][\/vc_column][\/vc_row][vc_row full_width=&#8221;stretch_row&#8221; css=&#8221;.vc_custom_1502699781255{background-color: #f3f5f9 !important;}&#8221;][vc_column]<div class=\"sc_content_wrap sc_push_large\"><div id=\"sc_content_867402452\"\r\n\t\tclass=\"sc_content color_style_default sc_content_default sc_content_width_100p sc_float_center\"><div class=\"sc_content_container\"><div id=\"sc_services_287398961\" class=\"sc_services color_style_default sc_services_default sc_services_featured_top\"><div class=\"sc_services_columns_wrap sc_item_columns sc_item_columns_3 trx_addons_columns_wrap columns_padding_bottom\"><div class=\"trx_addons_column-1_3\"><div class=\"sc_services_item with_content with_icon sc_services_item_featured_top\">\r\n\r\n\r\n    <div class=\"sc_services_item_header\">\r\n        <h4 class=\"sc_services_item_title\">\u00c7eviri<\/h4>\r\n    <\/div>\r\n\t<div\r\n\t\t\t id=\"sc_services_287398961_icon-analytics_doc_1\"\r\n\t\t\t class=\"sc_services_item_icon icon-analytics_doc\"><\/div>\t\r\n\t<div class=\"sc_services_item_info\">\r\n\t\t\t\t\t<div class=\"sc_services_item_content\">\n<ul>\n<i>Algebra \u00c7eviri<\/i>, \u00e7eviri d\u00fcnyas\u0131ndaki teknik olanaklara kendini h\u0131zl\u0131 adapte eden donan\u0131ma ve vizyona sahiptir. <i>Algebra<\/i>, mesleki alanda uzman, deneyimli \u00e7evirmen ve edit\u00f6rlerle uluslararas\u0131 standartlarda \u00e7eviri hizmeti vermektedir.<br \/>\n<br \/>Otomotiv, beyaz e\u015fya, medikal, hukuk ve yaz\u0131l\u0131m sekt\u00f6r\u00fcne ait projeler ana uzmanl\u0131k alan\u0131d\u0131r.<br \/>\n<br \/><i>Algebra<\/i>, \u00e7eviri, redaksiyon, tashih ve DTP a\u015famalar\u0131ndan olu\u015fan i\u015f ak\u0131\u015f\u0131 seyrinden asla taviz vermez.\n<\/ul>\n<\/div>\r\n\t\t\t<div class=\"sc_services_item_button sc_item_button\"><a href=\"https:\/\/www.algebra-translation.com\/index.php\/services\/documents-translation\/\" class=\"button_icon\"><\/a><\/div>\r\n\t\t\t<\/div>\r\n<\/div>\r\n<\/div><div class=\"trx_addons_column-1_3\"><div class=\"sc_services_item with_content with_icon sc_services_item_featured_top\">\r\n\r\n\r\n    <div class=\"sc_services_item_header\">\r\n        <h4 class=\"sc_services_item_title\">Masa\u00fcst\u00fc Yay\u0131nc\u0131l\u0131k<\/h4>\r\n    <\/div>\r\n\t<div\r\n\t\t\t id=\"sc_services_287398961_icon-clipboard-1_2\"\r\n\t\t\t class=\"sc_services_item_icon icon-clipboard-1\"><\/div>\t\r\n\t<div class=\"sc_services_item_info\">\r\n\t\t\t\t\t<div class=\"sc_services_item_content\"><ul>\nMasa\u00fcst\u00fc Yay\u0131nc\u0131l\u0131k (DTP) hizmeti ile, kullan\u0131m k\u0131lavuzu, katalog, bro\u015f\u00fcr ve dergi yay\u0131nlar\u0131 bilgisayar destekli olarak bask\u0131 ve yay\u0131ma haz\u0131rlamaktad\u0131r.<\/br><br \/>\nMasa\u00fcst\u00fc Yay\u0131nc\u0131l\u0131k ekibi, uluslararas\u0131 \u00e7eviri sekt\u00f6r\u00fcn\u00fcn bilinen ve reva\u00e7ta olan t\u00fcm masa\u00fcst\u00fc yay\u0131nc\u0131l\u0131k programlar\u0131na hakimdir. Kullan\u0131lan programlar\u0131n bilinenleri; Adobe Photoshop, Adobe InDesign, Adobe FrameMaker, QuarkXPress, Adobe Illustrator.\n<\/ul>\n<\/div>\r\n\t\t\t<div class=\"sc_services_item_button sc_item_button\"><a href=\"https:\/\/www.algebra-translation.com\/index.php\/services\/apostile-legalization\/\" class=\"button_icon\"><\/a><\/div>\r\n\t\t\t<\/div>\r\n<\/div>\r\n<\/div><div class=\"trx_addons_column-1_3\"><div class=\"sc_services_item with_content with_icon sc_services_item_featured_top\">\r\n\r\n\r\n    <div class=\"sc_services_item_header\">\r\n        <h4 class=\"sc_services_item_title\">Redaksiyon<\/h4>\r\n    <\/div>\r\n\t<div\r\n\t\t\t id=\"sc_services_287398961_icon-note-1_3\"\r\n\t\t\t class=\"sc_services_item_icon icon-note-1\"><\/div>\t\r\n\t<div class=\"sc_services_item_info\">\r\n\t\t\t\t\t<div class=\"sc_services_item_content\"><ul>\nTamamlanm\u0131\u015f bir \u00e7evirinin temel a\u015famalar\u0131ndan biri de kontrol okumas\u0131d\u0131r. \u00c7evirmenden gelen \u00e7evirinin ard\u0131ndan metnin dilbilgisi, yaz\u0131m hatas\u0131, anlam b\u00fct\u00fcnl\u00fc\u011f\u00fc ve metnin ak\u0131c\u0131l\u0131\u011f\u0131 dil uzmanlar\u0131 taraf\u0131ndan kontrol edilir.<\/br><\/br>D\u00fczeltmeyi yapan dil uzman\u0131n\u0131n kaynak ve hedef dile hakim olmas\u0131 ve tamamlanan her bir projenin kontrol okumas\u0131n\u0131n yap\u0131lmas\u0131 <i>Algebra<\/i>&#8216;n\u0131n mesleki hassasiyetlerin temellerinden biridir.\n<\/ul>\n<\/div>\r\n\t\t\t<div class=\"sc_services_item_button sc_item_button\"><a href=\"https:\/\/www.algebra-translation.com\/index.php\/services\/localization-services\/\" class=\"button_icon\"><\/a><\/div>\r\n\t\t\t<\/div>\r\n<\/div>\r\n<\/div><\/div><\/div><!-- \/.sc_services --><\/div><\/div><!-- \/.sc_content --><\/div><!-- \/.sc_content_wrap -->[vc_empty_space height=&#8221;1.5em&#8221; alter_height=&#8221;none&#8221; hide_on_desktop=&#8221;&#8221; hide_on_notebook=&#8221;&#8221; hide_on_tablet=&#8221;&#8221; hide_on_mobile=&#8221;1&#8243;][\/vc_column][\/vc_row]<\/p>\n","protected":false},"excerpt":{"rendered":"<p>[vc_row full_width=&#8221;stretch_row&#8221; scheme=&#8221;dark&#8221; hide_bg_image_on_tablet=&#8221;&#8221; hide_bg_image_on_mobile=&#8221;&#8221; css=&#8221;.vc_custom_1583861225235{background: #004232 url(https:\/\/www.algebra-translation.com\/wp-content\/uploads\/2020\/03\/ustbg-algebra-3.png?id=1654) !important;background-position: top right !important;background-repeat: no-repeat !important;background-size: cover !important;}&#8221;][vc_column][vc_empty_space height=&#8221;4em&#8221; alter_height=&#8221;none&#8221; hide_on_desktop=&#8221;&#8221; hide_on_notebook=&#8221;&#8221; hide_on_tablet=&#8221;&#8221; hide_on_mobile=&#8221;&#8221;][vc_empty_space height=&#8221;1.5em&#8221; alter_height=&#8221;none&#8221; hide_on_desktop=&#8221;&#8221; hide_on_notebook=&#8221;&#8221; hide_on_tablet=&#8221;1&#8243; hide_on_mobile=&#8221;1&#8243;][vc_empty_space height=&#8221;3.1em&#8221; alter_height=&#8221;none&#8221; hide_on_desktop=&#8221;&#8221; hide_on_notebook=&#8221;&#8221; hide_on_tablet=&#8221;&#8221; hide_on_mobile=&#8221;&#8221;][vc_row_inner disable_element=&#8221;yes&#8221;][vc_column_inner][vc_column_text]Algebra is a translation company that has been providing high quality, professional translation services. Our customers will feel that Algebra is the best translation company for&hellip;<\/p>\n","protected":false},"author":1,"featured_media":0,"parent":0,"menu_order":0,"comment_status":"closed","ping_status":"closed","template":"","meta":{"_mi_skip_tracking":false},"_links":{"self":[{"href":"https:\/\/www.algebra-translation.com\/index.php\/wp-json\/wp\/v2\/pages\/1715"}],"collection":[{"href":"https:\/\/www.algebra-translation.com\/index.php\/wp-json\/wp\/v2\/pages"}],"about":[{"href":"https:\/\/www.algebra-translation.com\/index.php\/wp-json\/wp\/v2\/types\/page"}],"author":[{"embeddable":true,"href":"https:\/\/www.algebra-translation.com\/index.php\/wp-json\/wp\/v2\/users\/1"}],"replies":[{"embeddable":true,"href":"https:\/\/www.algebra-translation.com\/index.php\/wp-json\/wp\/v2\/comments?post=1715"}],"version-history":[{"count":7,"href":"https:\/\/www.algebra-translation.com\/index.php\/wp-json\/wp\/v2\/pages\/1715\/revisions"}],"predecessor-version":[{"id":1756,"href":"https:\/\/www.algebra-translation.com\/index.php\/wp-json\/wp\/v2\/pages\/1715\/revisions\/1756"}],"wp:attachment":[{"href":"https:\/\/www.algebra-translation.com\/index.php\/wp-json\/wp\/v2\/media?parent=1715"}],"curies":[{"name":"wp","href":"https:\/\/api.w.org\/{rel}","templated":true}]}}